{"id":661,"date":"2020-11-19T21:59:31","date_gmt":"2020-11-19T23:59:31","guid":{"rendered":"http:\/\/localhost\/craft\/site\/?page_id=661"},"modified":"2020-12-18T19:00:43","modified_gmt":"2020-12-18T22:00:43","slug":"servicios","status":"publish","type":"page","link":"https:\/\/e-craft.com\/validacao\/es\/servicios\/","title":{"rendered":"Servicios"},"content":{"rendered":"<p>Inquietud y esp\u00edritu pionero. Inteligencia y experiencia. Lealtad y colaboraci\u00f3n. Estos son los <strong>motores<\/strong> de Craft para navegar en busca de las mejores soluciones de transporte, construir relaciones y conocimiento en todo el mundo y conectar continentes.<\/p>\n","protected":false},"excerpt":{"rendered":"<p>Inquietud y esp\u00edritu pionero. Inteligencia y experiencia. Lealtad y colaboraci\u00f3n. Estos son los motores de Craft para navegar en busca de las mejores soluciones de transporte, construir relaciones y conocimiento en todo el mundo y conectar continentes.<\/p>\n","protected":false},"author":1,"featured_media":0,"parent":0,"menu_order":0,"comment_status":"closed","ping_status":"closed","template":"page-tpl-services.php","meta":{"_acf_changed":false,"footnotes":""},"class_list":["post-661","page","type-page","status-publish","hentry"],"acf":[],"yoast_head":"<!-- This site is optimized with the Yoast SEO plugin v27.2 - https:\/\/yoast.com\/product\/yoast-seo-wordpress\/ -->\n<title>Servicios - VALIDA\u00c7\u00c3O Craft<\/title>\n<meta name=\"robots\" content=\"noindex, follow, max-snippet:-1, max-image-preview:large, max-video-preview:-1\" \/>\n<meta property=\"og:locale\" content=\"en_US\" \/>\n<meta property=\"og:type\" content=\"article\" \/>\n<meta property=\"og:title\" content=\"Servicios - VALIDA\u00c7\u00c3O Craft\" \/>\n<meta property=\"og:description\" content=\"Inquietud y esp\u00edritu pionero. Inteligencia y experiencia. Lealtad y colaboraci\u00f3n. Estos son los motores de Craft para navegar en busca de las mejores soluciones de transporte, construir relaciones y conocimiento en todo el mundo y conectar continentes.\" \/>\n<meta property=\"og:url\" content=\"https:\/\/e-craft.com\/validacao\/es\/servicios\/\" \/>\n<meta property=\"og:site_name\" content=\"VALIDA\u00c7\u00c3O Craft\" \/>\n<meta property=\"article:modified_time\" content=\"2020-12-18T22:00:43+00:00\" \/>\n<meta name=\"twitter:card\" content=\"summary_large_image\" \/>\n<script type=\"application\/ld+json\" class=\"yoast-schema-graph\">{\"@context\":\"https:\/\/schema.org\",\"@graph\":[{\"@type\":\"WebPage\",\"@id\":\"https:\/\/e-craft.com\/validacao\/es\/servicios\/\",\"url\":\"https:\/\/e-craft.com\/validacao\/es\/servicios\/\",\"name\":\"Servicios - VALIDA\u00c7\u00c3O Craft\",\"isPartOf\":{\"@id\":\"https:\/\/e-craft.com\/validacao\/#website\"},\"datePublished\":\"2020-11-19T23:59:31+00:00\",\"dateModified\":\"2020-12-18T22:00:43+00:00\",\"breadcrumb\":{\"@id\":\"https:\/\/e-craft.com\/validacao\/es\/servicios\/#breadcrumb\"},\"inLanguage\":\"en-US\",\"potentialAction\":[{\"@type\":\"ReadAction\",\"target\":[\"https:\/\/e-craft.com\/validacao\/es\/servicios\/\"]}]},{\"@type\":\"BreadcrumbList\",\"@id\":\"https:\/\/e-craft.com\/validacao\/es\/servicios\/#breadcrumb\",\"itemListElement\":[{\"@type\":\"ListItem\",\"position\":1,\"name\":\"Portada\",\"item\":\"https:\/\/e-craft.com\/validacao\/en\/\"},{\"@type\":\"ListItem\",\"position\":2,\"name\":\"Servicios\"}]},{\"@type\":\"WebSite\",\"@id\":\"https:\/\/e-craft.com\/validacao\/#website\",\"url\":\"https:\/\/e-craft.com\/validacao\/\",\"name\":\"VALIDA\u00c7\u00c3O Craft\",\"description\":\"International cargo transportation\",\"potentialAction\":[{\"@type\":\"SearchAction\",\"target\":{\"@type\":\"EntryPoint\",\"urlTemplate\":\"https:\/\/e-craft.com\/validacao\/?s={search_term_string}\"},\"query-input\":{\"@type\":\"PropertyValueSpecification\",\"valueRequired\":true,\"valueName\":\"search_term_string\"}}],\"inLanguage\":\"en-US\"}]}<\/script>\n<!-- \/ Yoast SEO plugin. -->","yoast_head_json":{"title":"Servicios - VALIDA\u00c7\u00c3O Craft","robots":{"index":"noindex","follow":"follow","max-snippet":"max-snippet:-1","max-image-preview":"max-image-preview:large","max-video-preview":"max-video-preview:-1"},"og_locale":"en_US","og_type":"article","og_title":"Servicios - VALIDA\u00c7\u00c3O Craft","og_description":"Inquietud y esp\u00edritu pionero. Inteligencia y experiencia. Lealtad y colaboraci\u00f3n. Estos son los motores de Craft para navegar en busca de las mejores soluciones de transporte, construir relaciones y conocimiento en todo el mundo y conectar continentes.","og_url":"https:\/\/e-craft.com\/validacao\/es\/servicios\/","og_site_name":"VALIDA\u00c7\u00c3O Craft","article_modified_time":"2020-12-18T22:00:43+00:00","twitter_card":"summary_large_image","schema":{"@context":"https:\/\/schema.org","@graph":[{"@type":"WebPage","@id":"https:\/\/e-craft.com\/validacao\/es\/servicios\/","url":"https:\/\/e-craft.com\/validacao\/es\/servicios\/","name":"Servicios - VALIDA\u00c7\u00c3O Craft","isPartOf":{"@id":"https:\/\/e-craft.com\/validacao\/#website"},"datePublished":"2020-11-19T23:59:31+00:00","dateModified":"2020-12-18T22:00:43+00:00","breadcrumb":{"@id":"https:\/\/e-craft.com\/validacao\/es\/servicios\/#breadcrumb"},"inLanguage":"en-US","potentialAction":[{"@type":"ReadAction","target":["https:\/\/e-craft.com\/validacao\/es\/servicios\/"]}]},{"@type":"BreadcrumbList","@id":"https:\/\/e-craft.com\/validacao\/es\/servicios\/#breadcrumb","itemListElement":[{"@type":"ListItem","position":1,"name":"Portada","item":"https:\/\/e-craft.com\/validacao\/en\/"},{"@type":"ListItem","position":2,"name":"Servicios"}]},{"@type":"WebSite","@id":"https:\/\/e-craft.com\/validacao\/#website","url":"https:\/\/e-craft.com\/validacao\/","name":"VALIDA\u00c7\u00c3O Craft","description":"International cargo transportation","potentialAction":[{"@type":"SearchAction","target":{"@type":"EntryPoint","urlTemplate":"https:\/\/e-craft.com\/validacao\/?s={search_term_string}"},"query-input":{"@type":"PropertyValueSpecification","valueRequired":true,"valueName":"search_term_string"}}],"inLanguage":"en-US"}]}},"_links":{"self":[{"href":"https:\/\/e-craft.com\/validacao\/wp-json\/wp\/v2\/pages\/661","targetHints":{"allow":["GET"]}}],"collection":[{"href":"https:\/\/e-craft.com\/validacao\/wp-json\/wp\/v2\/pages"}],"about":[{"href":"https:\/\/e-craft.com\/validacao\/wp-json\/wp\/v2\/types\/page"}],"author":[{"embeddable":true,"href":"https:\/\/e-craft.com\/validacao\/wp-json\/wp\/v2\/users\/1"}],"replies":[{"embeddable":true,"href":"https:\/\/e-craft.com\/validacao\/wp-json\/wp\/v2\/comments?post=661"}],"version-history":[{"count":6,"href":"https:\/\/e-craft.com\/validacao\/wp-json\/wp\/v2\/pages\/661\/revisions"}],"predecessor-version":[{"id":962,"href":"https:\/\/e-craft.com\/validacao\/wp-json\/wp\/v2\/pages\/661\/revisions\/962"}],"wp:attachment":[{"href":"https:\/\/e-craft.com\/validacao\/wp-json\/wp\/v2\/media?parent=661"}],"curies":[{"name":"wp","href":"https:\/\/api.w.org\/{rel}","templated":true}]}}