{"id":567,"date":"2020-11-19T00:28:57","date_gmt":"2020-11-19T02:28:57","guid":{"rendered":"http:\/\/localhost\/craft\/site\/?page_id=567"},"modified":"2021-08-12T14:53:16","modified_gmt":"2021-08-12T17:53:16","slug":"boletin","status":"publish","type":"page","link":"https:\/\/e-craft.com\/validacao\/es\/contacto\/boletin\/","title":{"rendered":"Bolet\u00edn"},"content":{"rendered":"<p>Recebe nuestras<strong> novedades<\/strong> primero.<\/p>\n","protected":false},"excerpt":{"rendered":"<p>Recebe nuestras novedades primero.<\/p>\n","protected":false},"author":1,"featured_media":0,"parent":160,"menu_order":1,"comment_status":"closed","ping_status":"closed","template":"page-tpl-contact.php","meta":{"_acf_changed":false,"footnotes":""},"class_list":["post-567","page","type-page","status-publish","hentry"],"acf":[],"yoast_head":"<!-- This site is optimized with the Yoast SEO plugin v27.2 - https:\/\/yoast.com\/product\/yoast-seo-wordpress\/ -->\n<title>Bolet\u00edn - VALIDA\u00c7\u00c3O Craft<\/title>\n<meta name=\"robots\" content=\"noindex, follow, max-snippet:-1, max-image-preview:large, max-video-preview:-1\" \/>\n<meta property=\"og:locale\" content=\"en_US\" \/>\n<meta property=\"og:type\" content=\"article\" \/>\n<meta property=\"og:title\" content=\"Bolet\u00edn - VALIDA\u00c7\u00c3O Craft\" \/>\n<meta property=\"og:description\" content=\"Recebe nuestras novedades primero.\" \/>\n<meta property=\"og:url\" content=\"https:\/\/e-craft.com\/validacao\/es\/contacto\/boletin\/\" \/>\n<meta property=\"og:site_name\" content=\"VALIDA\u00c7\u00c3O Craft\" \/>\n<meta property=\"article:modified_time\" content=\"2021-08-12T17:53:16+00:00\" \/>\n<meta name=\"twitter:card\" content=\"summary_large_image\" \/>\n<script type=\"application\/ld+json\" class=\"yoast-schema-graph\">{\"@context\":\"https:\/\/schema.org\",\"@graph\":[{\"@type\":\"WebPage\",\"@id\":\"https:\/\/e-craft.com\/validacao\/es\/contacto\/boletin\/\",\"url\":\"https:\/\/e-craft.com\/validacao\/es\/contacto\/boletin\/\",\"name\":\"Bolet\u00edn - VALIDA\u00c7\u00c3O Craft\",\"isPartOf\":{\"@id\":\"https:\/\/e-craft.com\/validacao\/#website\"},\"datePublished\":\"2020-11-19T02:28:57+00:00\",\"dateModified\":\"2021-08-12T17:53:16+00:00\",\"breadcrumb\":{\"@id\":\"https:\/\/e-craft.com\/validacao\/es\/contacto\/boletin\/#breadcrumb\"},\"inLanguage\":\"en-US\",\"potentialAction\":[{\"@type\":\"ReadAction\",\"target\":[\"https:\/\/e-craft.com\/validacao\/es\/contacto\/boletin\/\"]}]},{\"@type\":\"BreadcrumbList\",\"@id\":\"https:\/\/e-craft.com\/validacao\/es\/contacto\/boletin\/#breadcrumb\",\"itemListElement\":[{\"@type\":\"ListItem\",\"position\":1,\"name\":\"Portada\",\"item\":\"https:\/\/e-craft.com\/validacao\/en\/\"},{\"@type\":\"ListItem\",\"position\":2,\"name\":\"Contacto\",\"item\":\"https:\/\/e-craft.com\/validacao\/es\/contacto\/\"},{\"@type\":\"ListItem\",\"position\":3,\"name\":\"Bolet\u00edn\"}]},{\"@type\":\"WebSite\",\"@id\":\"https:\/\/e-craft.com\/validacao\/#website\",\"url\":\"https:\/\/e-craft.com\/validacao\/\",\"name\":\"VALIDA\u00c7\u00c3O Craft\",\"description\":\"International cargo transportation\",\"potentialAction\":[{\"@type\":\"SearchAction\",\"target\":{\"@type\":\"EntryPoint\",\"urlTemplate\":\"https:\/\/e-craft.com\/validacao\/?s={search_term_string}\"},\"query-input\":{\"@type\":\"PropertyValueSpecification\",\"valueRequired\":true,\"valueName\":\"search_term_string\"}}],\"inLanguage\":\"en-US\"}]}<\/script>\n<!-- \/ Yoast SEO plugin. -->","yoast_head_json":{"title":"Bolet\u00edn - VALIDA\u00c7\u00c3O Craft","robots":{"index":"noindex","follow":"follow","max-snippet":"max-snippet:-1","max-image-preview":"max-image-preview:large","max-video-preview":"max-video-preview:-1"},"og_locale":"en_US","og_type":"article","og_title":"Bolet\u00edn - VALIDA\u00c7\u00c3O Craft","og_description":"Recebe nuestras novedades primero.","og_url":"https:\/\/e-craft.com\/validacao\/es\/contacto\/boletin\/","og_site_name":"VALIDA\u00c7\u00c3O Craft","article_modified_time":"2021-08-12T17:53:16+00:00","twitter_card":"summary_large_image","schema":{"@context":"https:\/\/schema.org","@graph":[{"@type":"WebPage","@id":"https:\/\/e-craft.com\/validacao\/es\/contacto\/boletin\/","url":"https:\/\/e-craft.com\/validacao\/es\/contacto\/boletin\/","name":"Bolet\u00edn - VALIDA\u00c7\u00c3O Craft","isPartOf":{"@id":"https:\/\/e-craft.com\/validacao\/#website"},"datePublished":"2020-11-19T02:28:57+00:00","dateModified":"2021-08-12T17:53:16+00:00","breadcrumb":{"@id":"https:\/\/e-craft.com\/validacao\/es\/contacto\/boletin\/#breadcrumb"},"inLanguage":"en-US","potentialAction":[{"@type":"ReadAction","target":["https:\/\/e-craft.com\/validacao\/es\/contacto\/boletin\/"]}]},{"@type":"BreadcrumbList","@id":"https:\/\/e-craft.com\/validacao\/es\/contacto\/boletin\/#breadcrumb","itemListElement":[{"@type":"ListItem","position":1,"name":"Portada","item":"https:\/\/e-craft.com\/validacao\/en\/"},{"@type":"ListItem","position":2,"name":"Contacto","item":"https:\/\/e-craft.com\/validacao\/es\/contacto\/"},{"@type":"ListItem","position":3,"name":"Bolet\u00edn"}]},{"@type":"WebSite","@id":"https:\/\/e-craft.com\/validacao\/#website","url":"https:\/\/e-craft.com\/validacao\/","name":"VALIDA\u00c7\u00c3O Craft","description":"International cargo transportation","potentialAction":[{"@type":"SearchAction","target":{"@type":"EntryPoint","urlTemplate":"https:\/\/e-craft.com\/validacao\/?s={search_term_string}"},"query-input":{"@type":"PropertyValueSpecification","valueRequired":true,"valueName":"search_term_string"}}],"inLanguage":"en-US"}]}},"_links":{"self":[{"href":"https:\/\/e-craft.com\/validacao\/wp-json\/wp\/v2\/pages\/567","targetHints":{"allow":["GET"]}}],"collection":[{"href":"https:\/\/e-craft.com\/validacao\/wp-json\/wp\/v2\/pages"}],"about":[{"href":"https:\/\/e-craft.com\/validacao\/wp-json\/wp\/v2\/types\/page"}],"author":[{"embeddable":true,"href":"https:\/\/e-craft.com\/validacao\/wp-json\/wp\/v2\/users\/1"}],"replies":[{"embeddable":true,"href":"https:\/\/e-craft.com\/validacao\/wp-json\/wp\/v2\/comments?post=567"}],"version-history":[{"count":8,"href":"https:\/\/e-craft.com\/validacao\/wp-json\/wp\/v2\/pages\/567\/revisions"}],"predecessor-version":[{"id":952,"href":"https:\/\/e-craft.com\/validacao\/wp-json\/wp\/v2\/pages\/567\/revisions\/952"}],"up":[{"embeddable":true,"href":"https:\/\/e-craft.com\/validacao\/wp-json\/wp\/v2\/pages\/160"}],"wp:attachment":[{"href":"https:\/\/e-craft.com\/validacao\/wp-json\/wp\/v2\/media?parent=567"}],"curies":[{"name":"wp","href":"https:\/\/api.w.org\/{rel}","templated":true}]}}