{"id":565,"date":"2020-11-19T00:28:21","date_gmt":"2020-11-19T02:28:21","guid":{"rendered":"http:\/\/localhost\/craft\/site\/?page_id=565"},"modified":"2020-12-18T17:15:20","modified_gmt":"2020-12-18T20:15:20","slug":"newsletter","status":"publish","type":"page","link":"https:\/\/e-craft.com\/validacao\/pt\/contato\/newsletter\/","title":{"rendered":"Newsletter"},"content":{"rendered":"<p>Saiba as <strong>nossas novidades <\/strong>em primeira m\u00e3o.<\/p>\n","protected":false},"excerpt":{"rendered":"<p>Saiba as nossas novidades em primeira m\u00e3o.<\/p>\n","protected":false},"author":1,"featured_media":0,"parent":158,"menu_order":1,"comment_status":"closed","ping_status":"closed","template":"page-tpl-contact.php","meta":{"_acf_changed":false,"footnotes":""},"class_list":["post-565","page","type-page","status-publish","hentry"],"acf":[],"yoast_head":"<!-- This site is optimized with the Yoast SEO plugin v27.2 - https:\/\/yoast.com\/product\/yoast-seo-wordpress\/ -->\n<title>Newsletter - VALIDA\u00c7\u00c3O Craft<\/title>\n<meta name=\"robots\" content=\"noindex, follow, max-snippet:-1, max-image-preview:large, max-video-preview:-1\" \/>\n<meta property=\"og:locale\" content=\"en_US\" \/>\n<meta property=\"og:type\" content=\"article\" \/>\n<meta property=\"og:title\" content=\"Newsletter - VALIDA\u00c7\u00c3O Craft\" \/>\n<meta property=\"og:description\" content=\"Saiba as nossas novidades em primeira m\u00e3o.\" \/>\n<meta property=\"og:url\" content=\"https:\/\/e-craft.com\/validacao\/pt\/contato\/newsletter\/\" \/>\n<meta property=\"og:site_name\" content=\"VALIDA\u00c7\u00c3O Craft\" \/>\n<meta property=\"article:modified_time\" content=\"2020-12-18T20:15:20+00:00\" \/>\n<meta name=\"twitter:card\" content=\"summary_large_image\" \/>\n<script type=\"application\/ld+json\" class=\"yoast-schema-graph\">{\"@context\":\"https:\/\/schema.org\",\"@graph\":[{\"@type\":\"WebPage\",\"@id\":\"https:\/\/e-craft.com\/validacao\/pt\/contato\/newsletter\/\",\"url\":\"https:\/\/e-craft.com\/validacao\/pt\/contato\/newsletter\/\",\"name\":\"Newsletter - VALIDA\u00c7\u00c3O Craft\",\"isPartOf\":{\"@id\":\"https:\/\/e-craft.com\/validacao\/#website\"},\"datePublished\":\"2020-11-19T02:28:21+00:00\",\"dateModified\":\"2020-12-18T20:15:20+00:00\",\"breadcrumb\":{\"@id\":\"https:\/\/e-craft.com\/validacao\/pt\/contato\/newsletter\/#breadcrumb\"},\"inLanguage\":\"en-US\",\"potentialAction\":[{\"@type\":\"ReadAction\",\"target\":[\"https:\/\/e-craft.com\/validacao\/pt\/contato\/newsletter\/\"]}]},{\"@type\":\"BreadcrumbList\",\"@id\":\"https:\/\/e-craft.com\/validacao\/pt\/contato\/newsletter\/#breadcrumb\",\"itemListElement\":[{\"@type\":\"ListItem\",\"position\":1,\"name\":\"Portada\",\"item\":\"https:\/\/e-craft.com\/validacao\/es\/\"},{\"@type\":\"ListItem\",\"position\":2,\"name\":\"Contato\",\"item\":\"https:\/\/e-craft.com\/validacao\/pt\/contato\/\"},{\"@type\":\"ListItem\",\"position\":3,\"name\":\"Newsletter\"}]},{\"@type\":\"WebSite\",\"@id\":\"https:\/\/e-craft.com\/validacao\/#website\",\"url\":\"https:\/\/e-craft.com\/validacao\/\",\"name\":\"VALIDA\u00c7\u00c3O Craft\",\"description\":\"Transporte de carga internacional\",\"potentialAction\":[{\"@type\":\"SearchAction\",\"target\":{\"@type\":\"EntryPoint\",\"urlTemplate\":\"https:\/\/e-craft.com\/validacao\/?s={search_term_string}\"},\"query-input\":{\"@type\":\"PropertyValueSpecification\",\"valueRequired\":true,\"valueName\":\"search_term_string\"}}],\"inLanguage\":\"en-US\"}]}<\/script>\n<!-- \/ Yoast SEO plugin. -->","yoast_head_json":{"title":"Newsletter - VALIDA\u00c7\u00c3O Craft","robots":{"index":"noindex","follow":"follow","max-snippet":"max-snippet:-1","max-image-preview":"max-image-preview:large","max-video-preview":"max-video-preview:-1"},"og_locale":"en_US","og_type":"article","og_title":"Newsletter - VALIDA\u00c7\u00c3O Craft","og_description":"Saiba as nossas novidades em primeira m\u00e3o.","og_url":"https:\/\/e-craft.com\/validacao\/pt\/contato\/newsletter\/","og_site_name":"VALIDA\u00c7\u00c3O Craft","article_modified_time":"2020-12-18T20:15:20+00:00","twitter_card":"summary_large_image","schema":{"@context":"https:\/\/schema.org","@graph":[{"@type":"WebPage","@id":"https:\/\/e-craft.com\/validacao\/pt\/contato\/newsletter\/","url":"https:\/\/e-craft.com\/validacao\/pt\/contato\/newsletter\/","name":"Newsletter - VALIDA\u00c7\u00c3O Craft","isPartOf":{"@id":"https:\/\/e-craft.com\/validacao\/#website"},"datePublished":"2020-11-19T02:28:21+00:00","dateModified":"2020-12-18T20:15:20+00:00","breadcrumb":{"@id":"https:\/\/e-craft.com\/validacao\/pt\/contato\/newsletter\/#breadcrumb"},"inLanguage":"en-US","potentialAction":[{"@type":"ReadAction","target":["https:\/\/e-craft.com\/validacao\/pt\/contato\/newsletter\/"]}]},{"@type":"BreadcrumbList","@id":"https:\/\/e-craft.com\/validacao\/pt\/contato\/newsletter\/#breadcrumb","itemListElement":[{"@type":"ListItem","position":1,"name":"Portada","item":"https:\/\/e-craft.com\/validacao\/es\/"},{"@type":"ListItem","position":2,"name":"Contato","item":"https:\/\/e-craft.com\/validacao\/pt\/contato\/"},{"@type":"ListItem","position":3,"name":"Newsletter"}]},{"@type":"WebSite","@id":"https:\/\/e-craft.com\/validacao\/#website","url":"https:\/\/e-craft.com\/validacao\/","name":"VALIDA\u00c7\u00c3O Craft","description":"Transporte de carga internacional","potentialAction":[{"@type":"SearchAction","target":{"@type":"EntryPoint","urlTemplate":"https:\/\/e-craft.com\/validacao\/?s={search_term_string}"},"query-input":{"@type":"PropertyValueSpecification","valueRequired":true,"valueName":"search_term_string"}}],"inLanguage":"en-US"}]}},"_links":{"self":[{"href":"https:\/\/e-craft.com\/validacao\/wp-json\/wp\/v2\/pages\/565","targetHints":{"allow":["GET"]}}],"collection":[{"href":"https:\/\/e-craft.com\/validacao\/wp-json\/wp\/v2\/pages"}],"about":[{"href":"https:\/\/e-craft.com\/validacao\/wp-json\/wp\/v2\/types\/page"}],"author":[{"embeddable":true,"href":"https:\/\/e-craft.com\/validacao\/wp-json\/wp\/v2\/users\/1"}],"replies":[{"embeddable":true,"href":"https:\/\/e-craft.com\/validacao\/wp-json\/wp\/v2\/comments?post=565"}],"version-history":[{"count":11,"href":"https:\/\/e-craft.com\/validacao\/wp-json\/wp\/v2\/pages\/565\/revisions"}],"predecessor-version":[{"id":953,"href":"https:\/\/e-craft.com\/validacao\/wp-json\/wp\/v2\/pages\/565\/revisions\/953"}],"up":[{"embeddable":true,"href":"https:\/\/e-craft.com\/validacao\/wp-json\/wp\/v2\/pages\/158"}],"wp:attachment":[{"href":"https:\/\/e-craft.com\/validacao\/wp-json\/wp\/v2\/media?parent=565"}],"curies":[{"name":"wp","href":"https:\/\/api.w.org\/{rel}","templated":true}]}}