{"id":214,"date":"2020-10-22T00:34:01","date_gmt":"2020-10-22T03:34:01","guid":{"rendered":"http:\/\/localhost\/craft\/site\/?page_id=214"},"modified":"2024-03-01T18:35:05","modified_gmt":"2024-03-01T21:35:05","slug":"sobre-a-craft","status":"publish","type":"page","link":"https:\/\/e-craft.com\/validacao\/pt\/sobre-a-craft\/","title":{"rendered":"Sobre a Craft"},"content":{"rendered":"<p>A <strong>Craft<\/strong> \u00e9 uma multinacional brasileira especializada em transporte internacional, focada na <strong>consolida\u00e7\u00e3o de embarques e negocia\u00e7\u00e3o de contratos mar\u00edtimos, a\u00e9reos e terrestres<\/strong> para todos os intervenientes da cadeia log\u00edstica. Fundada em 1997, tem opera\u00e7\u00e3o pr\u00f3pria em <strong>10 pa\u00edses<\/strong> e <strong>35 escrit\u00f3rios<\/strong> espalhados na Am\u00e9rica do Sul e do Norte.<\/p>\n<p>Suas solu\u00e7\u00f5es em escala otimizam, garantem a<strong> qualidade, frequ\u00eancia e controle de cada embarque<\/strong>, conectando seus <strong>1100 especialistas<\/strong> \u00e0 redes globais especializadas por modal. \u00c9 fundadora de centros de procurement mar\u00edtimo e terrestre na \u00c1sia, Europa e Estados Unidos (LP Global e WSL), e reconhecida pelo relacionamento pr\u00f3ximo a seus clientes e parceiros. Oferece <strong>rotas e servi\u00e7os exclusivos<\/strong> que somente um intermediador neutro com amplo volume e flexibilidade \u00e9 capaz de entregar.<\/p>\n","protected":false},"excerpt":{"rendered":"<p>A Craft \u00e9 uma multinacional brasileira especializada em transporte internacional, focada na consolida\u00e7\u00e3o de embarques e negocia\u00e7\u00e3o de contratos mar\u00edtimos, a\u00e9reos e terrestres para todos os intervenientes da cadeia log\u00edstica. Fundada em 1997, tem opera\u00e7\u00e3o pr\u00f3pria em 10 pa\u00edses e 35 escrit\u00f3rios espalhados na Am\u00e9rica do Sul e do Norte. Suas solu\u00e7\u00f5es em escala otimizam, [&hellip;]<\/p>\n","protected":false},"author":1,"featured_media":0,"parent":0,"menu_order":0,"comment_status":"closed","ping_status":"closed","template":"page-tpl-about.php","meta":{"_acf_changed":false,"footnotes":""},"class_list":["post-214","page","type-page","status-publish","hentry"],"acf":[],"yoast_head":"<!-- This site is optimized with the Yoast SEO plugin v27.2 - https:\/\/yoast.com\/product\/yoast-seo-wordpress\/ -->\n<title>Sobre a Craft - VALIDA\u00c7\u00c3O Craft<\/title>\n<meta name=\"robots\" content=\"noindex, follow, max-snippet:-1, max-image-preview:large, max-video-preview:-1\" \/>\n<meta property=\"og:locale\" content=\"en_US\" \/>\n<meta property=\"og:type\" content=\"article\" \/>\n<meta property=\"og:title\" content=\"Sobre a Craft - VALIDA\u00c7\u00c3O Craft\" \/>\n<meta property=\"og:description\" content=\"A Craft \u00e9 uma multinacional brasileira especializada em transporte internacional, focada na consolida\u00e7\u00e3o de embarques e negocia\u00e7\u00e3o de contratos mar\u00edtimos, a\u00e9reos e terrestres para todos os intervenientes da cadeia log\u00edstica. Fundada em 1997, tem opera\u00e7\u00e3o pr\u00f3pria em 10 pa\u00edses e 35 escrit\u00f3rios espalhados na Am\u00e9rica do Sul e do Norte. Suas solu\u00e7\u00f5es em escala otimizam, [&hellip;]\" \/>\n<meta property=\"og:url\" content=\"https:\/\/e-craft.com\/validacao\/pt\/sobre-a-craft\/\" \/>\n<meta property=\"og:site_name\" content=\"VALIDA\u00c7\u00c3O Craft\" \/>\n<meta property=\"article:modified_time\" content=\"2024-03-01T21:35:05+00:00\" \/>\n<meta name=\"twitter:card\" content=\"summary_large_image\" \/>\n<meta name=\"twitter:label1\" content=\"Est. reading time\" \/>\n\t<meta name=\"twitter:data1\" content=\"1 minute\" \/>\n<script type=\"application\/ld+json\" class=\"yoast-schema-graph\">{\"@context\":\"https:\/\/schema.org\",\"@graph\":[{\"@type\":\"WebPage\",\"@id\":\"https:\/\/e-craft.com\/validacao\/pt\/sobre-a-craft\/\",\"url\":\"https:\/\/e-craft.com\/validacao\/pt\/sobre-a-craft\/\",\"name\":\"Sobre a Craft - VALIDA\u00c7\u00c3O Craft\",\"isPartOf\":{\"@id\":\"https:\/\/e-craft.com\/validacao\/#website\"},\"datePublished\":\"2020-10-22T03:34:01+00:00\",\"dateModified\":\"2024-03-01T21:35:05+00:00\",\"breadcrumb\":{\"@id\":\"https:\/\/e-craft.com\/validacao\/pt\/sobre-a-craft\/#breadcrumb\"},\"inLanguage\":\"en-US\",\"potentialAction\":[{\"@type\":\"ReadAction\",\"target\":[\"https:\/\/e-craft.com\/validacao\/pt\/sobre-a-craft\/\"]}]},{\"@type\":\"BreadcrumbList\",\"@id\":\"https:\/\/e-craft.com\/validacao\/pt\/sobre-a-craft\/#breadcrumb\",\"itemListElement\":[{\"@type\":\"ListItem\",\"position\":1,\"name\":\"Portada\",\"item\":\"https:\/\/e-craft.com\/validacao\/en\/\"},{\"@type\":\"ListItem\",\"position\":2,\"name\":\"Sobre a Craft\"}]},{\"@type\":\"WebSite\",\"@id\":\"https:\/\/e-craft.com\/validacao\/#website\",\"url\":\"https:\/\/e-craft.com\/validacao\/\",\"name\":\"VALIDA\u00c7\u00c3O Craft\",\"description\":\"International cargo transportation\",\"potentialAction\":[{\"@type\":\"SearchAction\",\"target\":{\"@type\":\"EntryPoint\",\"urlTemplate\":\"https:\/\/e-craft.com\/validacao\/?s={search_term_string}\"},\"query-input\":{\"@type\":\"PropertyValueSpecification\",\"valueRequired\":true,\"valueName\":\"search_term_string\"}}],\"inLanguage\":\"en-US\"}]}<\/script>\n<!-- \/ Yoast SEO plugin. -->","yoast_head_json":{"title":"Sobre a Craft - VALIDA\u00c7\u00c3O Craft","robots":{"index":"noindex","follow":"follow","max-snippet":"max-snippet:-1","max-image-preview":"max-image-preview:large","max-video-preview":"max-video-preview:-1"},"og_locale":"en_US","og_type":"article","og_title":"Sobre a Craft - VALIDA\u00c7\u00c3O Craft","og_description":"A Craft \u00e9 uma multinacional brasileira especializada em transporte internacional, focada na consolida\u00e7\u00e3o de embarques e negocia\u00e7\u00e3o de contratos mar\u00edtimos, a\u00e9reos e terrestres para todos os intervenientes da cadeia log\u00edstica. Fundada em 1997, tem opera\u00e7\u00e3o pr\u00f3pria em 10 pa\u00edses e 35 escrit\u00f3rios espalhados na Am\u00e9rica do Sul e do Norte. Suas solu\u00e7\u00f5es em escala otimizam, [&hellip;]","og_url":"https:\/\/e-craft.com\/validacao\/pt\/sobre-a-craft\/","og_site_name":"VALIDA\u00c7\u00c3O Craft","article_modified_time":"2024-03-01T21:35:05+00:00","twitter_card":"summary_large_image","twitter_misc":{"Est. reading time":"1 minute"},"schema":{"@context":"https:\/\/schema.org","@graph":[{"@type":"WebPage","@id":"https:\/\/e-craft.com\/validacao\/pt\/sobre-a-craft\/","url":"https:\/\/e-craft.com\/validacao\/pt\/sobre-a-craft\/","name":"Sobre a Craft - VALIDA\u00c7\u00c3O Craft","isPartOf":{"@id":"https:\/\/e-craft.com\/validacao\/#website"},"datePublished":"2020-10-22T03:34:01+00:00","dateModified":"2024-03-01T21:35:05+00:00","breadcrumb":{"@id":"https:\/\/e-craft.com\/validacao\/pt\/sobre-a-craft\/#breadcrumb"},"inLanguage":"en-US","potentialAction":[{"@type":"ReadAction","target":["https:\/\/e-craft.com\/validacao\/pt\/sobre-a-craft\/"]}]},{"@type":"BreadcrumbList","@id":"https:\/\/e-craft.com\/validacao\/pt\/sobre-a-craft\/#breadcrumb","itemListElement":[{"@type":"ListItem","position":1,"name":"Portada","item":"https:\/\/e-craft.com\/validacao\/en\/"},{"@type":"ListItem","position":2,"name":"Sobre a Craft"}]},{"@type":"WebSite","@id":"https:\/\/e-craft.com\/validacao\/#website","url":"https:\/\/e-craft.com\/validacao\/","name":"VALIDA\u00c7\u00c3O Craft","description":"International cargo transportation","potentialAction":[{"@type":"SearchAction","target":{"@type":"EntryPoint","urlTemplate":"https:\/\/e-craft.com\/validacao\/?s={search_term_string}"},"query-input":{"@type":"PropertyValueSpecification","valueRequired":true,"valueName":"search_term_string"}}],"inLanguage":"en-US"}]}},"_links":{"self":[{"href":"https:\/\/e-craft.com\/validacao\/wp-json\/wp\/v2\/pages\/214","targetHints":{"allow":["GET"]}}],"collection":[{"href":"https:\/\/e-craft.com\/validacao\/wp-json\/wp\/v2\/pages"}],"about":[{"href":"https:\/\/e-craft.com\/validacao\/wp-json\/wp\/v2\/types\/page"}],"author":[{"embeddable":true,"href":"https:\/\/e-craft.com\/validacao\/wp-json\/wp\/v2\/users\/1"}],"replies":[{"embeddable":true,"href":"https:\/\/e-craft.com\/validacao\/wp-json\/wp\/v2\/comments?post=214"}],"version-history":[{"count":71,"href":"https:\/\/e-craft.com\/validacao\/wp-json\/wp\/v2\/pages\/214\/revisions"}],"predecessor-version":[{"id":2693,"href":"https:\/\/e-craft.com\/validacao\/wp-json\/wp\/v2\/pages\/214\/revisions\/2693"}],"wp:attachment":[{"href":"https:\/\/e-craft.com\/validacao\/wp-json\/wp\/v2\/media?parent=214"}],"curies":[{"name":"wp","href":"https:\/\/api.w.org\/{rel}","templated":true}]}}